{"id":158,"date":"2023-04-25T00:52:20","date_gmt":"2023-04-24T22:52:20","guid":{"rendered":"https:\/\/www.amarante.paris\/?page_id=158"},"modified":"2026-03-28T10:50:48","modified_gmt":"2026-03-28T09:50:48","slug":"jaime","status":"publish","type":"page","link":"https:\/\/www.amarante.paris\/?page_id=158","title":{"rendered":"j&rsquo;aime dans le d\u00e9sordre&#8230;"},"content":{"rendered":"\n<p>en r\u00e9flexion permanente :<\/p>\n\n\n\n<p>les restaurants:<\/p>\n\n\n\n<p>juveniles 75001<\/p>\n\n\n\n<p>les enfants rouges 75003<\/p>\n\n\n\n<p>le petit c\u00e9lestin 75004<\/p>\n\n\n\n<p>la grande brasserie 75004<\/p>\n\n\n\n<p>bistrot des tournelles 75004<\/p>\n\n\n\n<p>kokoro 75005<\/p>\n\n\n\n<p>balthazar 75005<\/p>\n\n\n\n<p>sauvage 75006<\/p>\n\n\n\n<p>le caf\u00e9 des minist\u00e8res 75007<\/p>\n\n\n\n<p>ja\u00efs 75007<\/p>\n\n\n\n<p>oh vin dieu 75008<\/p>\n\n\n\n<p>benjamin schmitt restaurant 75009<\/p>\n\n\n\n<p>caf\u00e9 les deux gares 75010<\/p>\n\n\n\n<p>le petit panisse 75011<\/p>\n\n\n\n<p>le tagine 75011<\/p>\n\n\n\n<p>osteria Ferrara 75011<\/p>\n\n\n\n<p>maison Sota 75011<\/p>\n\n\n\n<p>masaikuta 75011<\/p>\n\n\n\n<p>patine 75011<\/p>\n\n\n\n<p>il bacaro 75011<\/p>\n\n\n\n<p>mokonuts 75011<\/p>\n\n\n\n<p>recoin 75011<\/p>\n\n\n\n<p>tempilenti 75011<\/p>\n\n\n\n<p>magma 75011<\/p>\n\n\n\n<p>lissit 75011<\/p>\n\n\n\n<p>totto restaurant 75012<\/p>\n\n\n\n<p>passerini 75012<\/p>\n\n\n\n<p>un singe \u00e0 paris 75012<\/p>\n\n\n\n<p>rencontre 75012<\/p>\n\n\n\n<p>le quincy 75012<\/p>\n\n\n\n<p>l&rsquo;assiette 75014<\/p>\n\n\n\n<p>le severo 75014<\/p>\n\n\n\n<p>le petit sommelier 75014<\/p>\n\n\n\n<p>il brigante 75018<\/p>\n\n\n\n<p>l&rsquo;esquisse 75018<\/p>\n\n\n\n<p>le cheval d&rsquo;or 75019<\/p>\n\n\n\n<p>paulownia 75020<\/p>\n\n\n\n<p>le baratin 75020<\/p>\n\n\n\n<p>le cadoret 75020<\/p>\n\n\n\n<p>dilia 75020<\/p>\n\n\n\n<p>le pinceau 75020<\/p>\n\n\n\n<p><\/p>\n\n\n\n<p>les caf\u00e9s de sp\u00e9cialit\u00e9s :<\/p>\n\n\n\n<p>kawa 75003<\/p>\n\n\n\n<p>t\u00e9lescope 75001<\/p>\n\n\n\n<p>kabane 75011<\/p>\n\n\n\n<p>caract\u00e8re 75011<\/p>\n\n\n\n<p>kott caf\u00e9 75011<\/p>\n\n\n\n<p><\/p>\n\n\n\n<p>les boulangers :<\/p>\n\n\n\n<p>les co-pains du faubourg 75011<\/p>\n\n\n\n<p>fermentation g\u00e9n\u00e9rale 75011<\/p>\n\n\n\n<p><\/p>\n\n\n\n<p><\/p>\n\n\n\n<p><\/p>\n","protected":false},"excerpt":{"rendered":"<p>en r\u00e9flexion permanente : les restaurants: juveniles 75001 les enfants rouges 75003 le petit c\u00e9lestin 75004 la grande brasserie 75004 bistrot des tournelles 75004 kokoro 75005 balthazar 75005 sauvage 75006 le caf\u00e9 des minist\u00e8res 75007 ja\u00efs 75007 oh vin dieu 75008 benjamin schmitt restaurant 75009 caf\u00e9 les deux gares 75010 le petit panisse 75011 le [&hellip;]<\/p>\n","protected":false},"author":2,"featured_media":0,"parent":0,"menu_order":0,"comment_status":"closed","ping_status":"closed","template":"template","meta":{"footnotes":""},"class_list":["post-158","page","type-page","status-publish","hentry"],"_links":{"self":[{"href":"https:\/\/www.amarante.paris\/index.php?rest_route=\/wp\/v2\/pages\/158","targetHints":{"allow":["GET"]}}],"collection":[{"href":"https:\/\/www.amarante.paris\/index.php?rest_route=\/wp\/v2\/pages"}],"about":[{"href":"https:\/\/www.amarante.paris\/index.php?rest_route=\/wp\/v2\/types\/page"}],"author":[{"embeddable":true,"href":"https:\/\/www.amarante.paris\/index.php?rest_route=\/wp\/v2\/users\/2"}],"replies":[{"embeddable":true,"href":"https:\/\/www.amarante.paris\/index.php?rest_route=%2Fwp%2Fv2%2Fcomments&post=158"}],"version-history":[{"count":21,"href":"https:\/\/www.amarante.paris\/index.php?rest_route=\/wp\/v2\/pages\/158\/revisions"}],"predecessor-version":[{"id":786,"href":"https:\/\/www.amarante.paris\/index.php?rest_route=\/wp\/v2\/pages\/158\/revisions\/786"}],"wp:attachment":[{"href":"https:\/\/www.amarante.paris\/index.php?rest_route=%2Fwp%2Fv2%2Fmedia&parent=158"}],"curies":[{"name":"wp","href":"https:\/\/api.w.org\/{rel}","templated":true}]}}