{"id":30,"date":"2023-04-18T09:27:52","date_gmt":"2023-04-18T07:27:52","guid":{"rendered":"https:\/\/www.amarante.paris\/?page_id=30"},"modified":"2023-05-01T15:43:26","modified_gmt":"2023-05-01T13:43:26","slug":"accueil","status":"publish","type":"page","link":"https:\/\/www.amarante.paris\/","title":{"rendered":"\u00a0\u00bb quand on veut aller au th\u00e9\u00e2tre on regarde le r\u00e9sum\u00e9 avant et on arrive \u00e0 l&rsquo;heure \u00ab\u00a0"},"content":{"rendered":"\n<figure class=\"wp-block-image size-large\"><img loading=\"lazy\" decoding=\"async\" width=\"768\" height=\"1024\" src=\"https:\/\/www.amarante.paris\/wp-content\/uploads\/2023\/04\/IMG_2335-768x1024.jpeg\" alt=\"\" class=\"wp-image-14\" srcset=\"https:\/\/www.amarante.paris\/wp-content\/uploads\/2023\/04\/IMG_2335-768x1024.jpeg 768w, https:\/\/www.amarante.paris\/wp-content\/uploads\/2023\/04\/IMG_2335-225x300.jpeg 225w, https:\/\/www.amarante.paris\/wp-content\/uploads\/2023\/04\/IMG_2335-1152x1536.jpeg 1152w, https:\/\/www.amarante.paris\/wp-content\/uploads\/2023\/04\/IMG_2335-1536x2048.jpeg 1536w, https:\/\/www.amarante.paris\/wp-content\/uploads\/2023\/04\/IMG_2335-scaled.jpeg 1920w\" sizes=\"auto, (max-width: 768px) 100vw, 768px\" \/><\/figure>\n\n\n\n<p>test<\/p>\n","protected":false},"excerpt":{"rendered":"<p>test<\/p>\n","protected":false},"author":1,"featured_media":0,"parent":0,"menu_order":0,"comment_status":"closed","ping_status":"closed","template":"","meta":{"footnotes":""},"class_list":["post-30","page","type-page","status-publish","hentry"],"_links":{"self":[{"href":"https:\/\/www.amarante.paris\/index.php?rest_route=\/wp\/v2\/pages\/30","targetHints":{"allow":["GET"]}}],"collection":[{"href":"https:\/\/www.amarante.paris\/index.php?rest_route=\/wp\/v2\/pages"}],"about":[{"href":"https:\/\/www.amarante.paris\/index.php?rest_route=\/wp\/v2\/types\/page"}],"author":[{"embeddable":true,"href":"https:\/\/www.amarante.paris\/index.php?rest_route=\/wp\/v2\/users\/1"}],"replies":[{"embeddable":true,"href":"https:\/\/www.amarante.paris\/index.php?rest_route=%2Fwp%2Fv2%2Fcomments&post=30"}],"version-history":[{"count":21,"href":"https:\/\/www.amarante.paris\/index.php?rest_route=\/wp\/v2\/pages\/30\/revisions"}],"predecessor-version":[{"id":266,"href":"https:\/\/www.amarante.paris\/index.php?rest_route=\/wp\/v2\/pages\/30\/revisions\/266"}],"wp:attachment":[{"href":"https:\/\/www.amarante.paris\/index.php?rest_route=%2Fwp%2Fv2%2Fmedia&parent=30"}],"curies":[{"name":"wp","href":"https:\/\/api.w.org\/{rel}","templated":true}]}}