{"id":9,"date":"2023-04-18T03:34:25","date_gmt":"2023-04-18T01:34:25","guid":{"rendered":"https:\/\/www.amarante.paris\/?page_id=9"},"modified":"2026-04-13T16:58:58","modified_gmt":"2026-04-13T14:58:58","slug":"la-carte-et-le-menu-du-midi","status":"publish","type":"page","link":"https:\/\/www.amarante.paris\/?page_id=9","title":{"rendered":"carte: midi et soir"},"content":{"rendered":"\n<p>poireaux vinaigrette, pignons de pin grill\u00e9s minutes 14 \u20ac<\/p>\n\n\n\n<p>terrine d\u2019ici de cochon Kintoa, cornichons Fran\u00e7ais 14 \u20ac<\/p>\n\n\n\n<p>charcuterie de porc Noir Gascon 17 \u20ac<\/p>\n\n\n\n<p>foie gras de canard, toast pain de campagne 18 \u20ac<\/p>\n\n\n\n<p>cervelle de veau grill\u00e9e au beurre, salades 15 \u20ac<\/p>\n\n\n\n<p>fraise de veau, bouillon r\u00e9duit, calvados et olives, toast et salades 15 \u20ac<\/p>\n\n\n\n<p>langue de veau finement tranch\u00e9e, mayonnaise et salades 15 \u20ac<\/p>\n\n\n\n<p>escargots sauvages au beurre d\u2019escargots, salades 17 \u20ac<\/p>\n\n\n\n<p>velout\u00e9 de lentilles etc\u2026 10 \u20ac<br>soupe mont\u00e9e au beurre<\/p>\n\n\n\n<p>truite du Perche 19 \u20ac<br>l\u00e9g\u00e8rement fum\u00e9e, \u00e0 la cr\u00e8me crue, blinis de sarrasin<\/p>\n\n\n\n<p>endives de pleine terre 15 \u20ac<br>confites, caram\u00e9lis\u00e9es, cochon \u00ab&nbsp;comme du jambon blanc&nbsp;\u00bb<\/p>\n\n\n\n<p>pied de cochon Kintoa croustillant 15 \u20ac<br>d\u00e9soss\u00e9, salades (accord incroyable avec du caviar Prunier +34 \u20ac)<\/p>\n\n\n\n<p>\u2014\u2014<\/p>\n\n\n\n<p>pintade de Dordogne 32 \u20ac<br>r\u00f4tie \u00e0 l\u2019ancienne, l\u00e9gumes<\/p>\n\n\n\n<p>veau de tradition Fran\u00e7aise 34 \u20ac<br>le bas-carr\u00e9 comme une blanquette color\u00e9e, ch\u00e2taignes et knepfe<\/p>\n\n\n\n<p>agneau Axuria 32 \u20ac<br>le gigot cuit en patience, \u00e9peautres<\/p>\n\n\n\n<p>cochon des Aldudes 32 \u20ac<br>l\u2019\u00e9chine grill\u00e9e au beurre, l\u00e9gumes<\/p>\n\n\n\n<p>ris de veau 45 \u20ac<br>r\u00f4ti entier, pur\u00e9e de pommes de terre<\/p>\n\n\n\n<p>andouillette grill\u00e9e au beurre \u00e0 l\u2019unilat\u00e9ral, choucroute 25 \u20ac<\/p>\n\n\n\n<p>brandade d\u2019aile de raie 28 \u20ac<br>pomme de terre, de l\u2019ail puis caram\u00e9lis\u00e9e, huile d\u2019olives, salades<\/p>\n\n\n\n<p>lotte 39 \u20ac<br>le filet p\u00f4ch\u00e9, bouillon mont\u00e9 au beurre, c\u00e9leri, panisses<\/p>\n\n\n\n<p>b\u0153uf de Charolles AOP 110 \u20ac (pour 2 personnes 650g)<br>l\u2019entrec\u00f4te grill\u00e9e au beurre, pur\u00e9e de pomme de terre<\/p>\n\n\n\n<p>le couvert qui ne commande rien \u00e0 manger 20 \u20ac (voir le pr\u00e9ambule)<\/p>\n\n\n\n<p>&#8212;&#8212;&#8212;&#8212;&#8212;&#8212;&#8212;&#8212;&#8212;&#8212;&#8212;&#8212;&#8212;&#8212;&#8212;&#8212;&#8212;&#8212;&#8212;&#8212;&#8212;&#8212;&#8212;&#8212;&#8212;&#8212;&#8212;&#8212;&#8212;&#8212;&#8212;&#8212;&#8212;&#8212;&#8212;&#8212;&#8212;&#8212;&#8212;&#8212;&#8212;&#8212;&#8212;&#8212;&#8212;&#8212;&#8212;&#8212;&#8212;&#8212;&#8212;&#8212;&#8212;&#8211;<\/p>\n\n\n\n<p>saint nectaire&nbsp;fermier (lait cru) verre de cidre brut 10 \u20ac<\/p>\n\n\n\n<p>snidre fermier (tome au lait cru de brebis) 9 \u20ac<\/p>\n\n\n\n<p>\u2014\u2014\u2014\u2014<\/p>\n\n\n\n<p>fondant 100% Cacao de l\u2019archipel Sao Tom\u00e9-et-Principe 12 \u20ac<br>tr\u00e8s tr\u00e8s peu sucr\u00e9, tr\u00e8s nature, iod\u00e9, sous bois, f\u00e8ves ferment\u00e9es, humus, fleurs exotiques, fum\u00e9, cuir\u2026<\/p>\n\n\n\n<p>citron 12 \u20ac<br>tr\u00e8s peu sucr\u00e9, comme une cr\u00e8me brul\u00e9e, l\u00e9g\u00e8rement am\u00e8re, assez acide, bien fruit\u00e9e<\/p>\n\n\n\n<p>poires 12 \u20ac<br>glace turbin\u00e9e minute, tr\u00e8s tr\u00e8s peu sucr\u00e9e<\/p>\n\n\n\n<p>&#8212;&#8212;&#8212;&#8212;&#8212;&#8212;&#8212;&#8212;&#8212;&#8212;&#8212;&#8212;&#8212;&#8212;&#8212;&#8212;&#8212;&#8212;&#8212;&#8212;&#8212;&#8212;&#8212;&#8212;&#8212;&#8212;&#8212;&#8212;&#8212;&#8212;&#8212;&#8212;&#8212;&#8212;&#8212;&#8212;&#8212;&#8212;&#8212;&#8212;&#8212;&#8212;&#8212;&#8212;&#8212;&#8212;&#8212;&#8212;&#8212;&#8212;&#8212;&#8212;&#8212;&#8212;&#8212;&#8211;<\/p>\n\n\n\n<p>MENU DU TRAVAILLEUR<\/p>\n\n\n\n<p>12H15\/13H15 (tous les jours) 32 \u20ac<\/p>\n\n\n\n<p>rillettes d\u2019ici de cochon Kintoa<br>cornichons Fran\u00e7ais<\/p>\n\n\n\n<p>velout\u00e9 de lentilles etc\u2026<\/p>\n\n\n\n<p>langue de veau<br>tr\u00e8s fines tranches, mayonnaise et salades<\/p>\n\n\n\n<p>terrine d\u2019ici de cochon Kintoa, cornichons Fran\u00e7ais<\/p>\n\n\n\n<p>accras\/blinis de lotte et sardines grill\u00e9s \u00e0 l\u2019huile d\u2019olive<br>salades<\/p>\n\n\n\n<p>foie gras +2 \u20ac<br>de canard, toast de pain de campagne<\/p>\n\n\n\n<p>truite +3 \u20ac<br>l\u00e9g\u00e8rement fum\u00e9e, \u00e0 la cr\u00e8me crue, blinis de sarrasin<\/p>\n\n\n\n<p>&#8211;<br>pintade de Dordogne<br>cuite \u00e0 l\u2019ancienne, la peau croustillante, l\u00e9gumes et polente<\/p>\n\n\n\n<p>cochon des Aldudes<br>l\u2019\u00e9paule confite puis grill\u00e9e au beurre, l\u00e9gumes et polente<\/p>\n\n\n\n<p>\u0153ufs de poule et de truite<br>en brouillade , pur\u00e9e de pomme de terre<\/p>\n\n\n\n<p>joue de veau confite et croustillante, l\u00e9gumes et polente +2\u20ac<\/p>\n\n\n\n<p>andouillette de la charcuterie thierry +2 \u20ac<br>grill\u00e9e au beurre \u00e0 l\u2019unilat\u00e9ral, choucroute<\/p>\n\n\n\n<p>\u2014<\/p>\n\n\n\n<p>fromage fermier \u00ab Saint Nectaire \u00bb (lait cru de vache) +2 \u20ac<\/p>\n\n\n\n<p>amande<br>entre le cake et le pain perdu, tr\u00e8s peu sucr\u00e9\u2026 petite boule de glace<\/p>\n\n\n\n<p>fromage blanc, confiture de Madame Ferber<\/p>\n\n\n\n<p>comme une \u00eele<br>entre le blanc \u00e0 manger et la guimauve aussi tr\u00e8s peu sucr\u00e9, lait li\u00e9 au citron et au miel<\/p>\n","protected":false},"excerpt":{"rendered":"<p>poireaux vinaigrette, pignons de pin grill\u00e9s minutes 14 \u20ac terrine d\u2019ici de cochon Kintoa, cornichons Fran\u00e7ais 14 \u20ac charcuterie de porc Noir Gascon 17 \u20ac foie gras de canard, toast pain de campagne 18 \u20ac cervelle de veau grill\u00e9e au beurre, salades 15 \u20ac fraise de veau, bouillon r\u00e9duit, calvados et olives, toast et salades [&hellip;]<\/p>\n","protected":false},"author":1,"featured_media":0,"parent":30,"menu_order":2,"comment_status":"closed","ping_status":"closed","template":"template","meta":{"footnotes":""},"class_list":["post-9","page","type-page","status-publish","hentry"],"_links":{"self":[{"href":"https:\/\/www.amarante.paris\/index.php?rest_route=\/wp\/v2\/pages\/9","targetHints":{"allow":["GET"]}}],"collection":[{"href":"https:\/\/www.amarante.paris\/index.php?rest_route=\/wp\/v2\/pages"}],"about":[{"href":"https:\/\/www.amarante.paris\/index.php?rest_route=\/wp\/v2\/types\/page"}],"author":[{"embeddable":true,"href":"https:\/\/www.amarante.paris\/index.php?rest_route=\/wp\/v2\/users\/1"}],"replies":[{"embeddable":true,"href":"https:\/\/www.amarante.paris\/index.php?rest_route=%2Fwp%2Fv2%2Fcomments&post=9"}],"version-history":[{"count":163,"href":"https:\/\/www.amarante.paris\/index.php?rest_route=\/wp\/v2\/pages\/9\/revisions"}],"predecessor-version":[{"id":790,"href":"https:\/\/www.amarante.paris\/index.php?rest_route=\/wp\/v2\/pages\/9\/revisions\/790"}],"up":[{"embeddable":true,"href":"https:\/\/www.amarante.paris\/index.php?rest_route=\/wp\/v2\/pages\/30"}],"wp:attachment":[{"href":"https:\/\/www.amarante.paris\/index.php?rest_route=%2Fwp%2Fv2%2Fmedia&parent=9"}],"curies":[{"name":"wp","href":"https:\/\/api.w.org\/{rel}","templated":true}]}}